{"id":634,"date":"2020-04-05T20:38:57","date_gmt":"2020-04-05T19:38:57","guid":{"rendered":"http:\/\/loccitane.development.ivote.mk\/?post_type=product&#038;p=634"},"modified":"2023-03-31T15:28:39","modified_gmt":"2023-03-31T14:28:39","slug":"cocon-de-serenite-relaxing-body-soap-200gr","status":"publish","type":"product","link":"http:\/\/loccitane.development.ivote.mk\/mk\/product\/cocon-de-serenite-relaxing-body-soap-200gr\/","title":{"rendered":"Cocon de S\u00e9r\u00e9nit\u00e9 Relaxing Body Soap 200gr."},"content":{"rendered":"<p class=\"qtranxs-available-languages-message qtranxs-available-languages-message-mk\">\u0417\u0430 \u0436\u0430\u043b \u043e\u0432\u0430\u0430 \u0441\u043e\u0434\u0440\u0436\u0438\u043d\u0430 \u0435 \u0434\u043e\u0441\u0442\u0430\u043f\u043d\u0430 \u0441\u0430\u043c\u043e \u043d\u0430 <a href=\"http:\/\/loccitane.development.ivote.mk\/en\/wp-json\/wp\/v2\/product\/634\" class=\"qtranxs-available-language-link qtranxs-available-language-link-en\" title=\"EN\">EN<\/a>. For the sake of viewer convenience, the content is shown below in the alternative language. You may click the link to switch the active language.<\/p><p><\/p>\n<div class=\"row justify-content-center\">\n<div class=\"m-product-desc col-12 col-md-8\">\n<div class=\"a-product-desc-content js-limit-length initialized\" data-length=\"300\" data-ellipsis=\"...\">\n<p class=\"js-limit-length-content\">An elegant touch for any home, this elegant soap, formulated without palm oil, blends signature scents in a creamy formula. Bring the Provencal art de vivre \u2013 the art of living beautifully &#8211; to your home and to your soul.<\/p>\n<\/div>\n<\/div>\n<\/div>\n<div class=\"row justify-content-center\">\n<div class=\"col-4 col-lg-2\"><\/div>\n<\/div>\n<p><\/p>","protected":false},"excerpt":{"rendered":"<p class=\"qtranxs-available-languages-message qtranxs-available-languages-message-mk\">\u0417\u0430 \u0436\u0430\u043b \u043e\u0432\u0430\u0430 \u0441\u043e\u0434\u0440\u0436\u0438\u043d\u0430 \u0435 \u0434\u043e\u0441\u0442\u0430\u043f\u043d\u0430 \u0441\u0430\u043c\u043e \u043d\u0430 <a href=\"http:\/\/loccitane.development.ivote.mk\/en\/wp-json\/wp\/v2\/product\/634\" class=\"qtranxs-available-language-link qtranxs-available-language-link-en\" title=\"EN\">EN<\/a>. For the sake of viewer convenience, the content is shown below in the alternative language. You may click the link to switch the active language.<\/p>\n<h2 class=\"a-flexible-header\">Cocon de S\u00e9r\u00e9nit\u00e9<\/h2>\n<p>Close your eyes. Imagine yourself at the heart of nature, surrounded by a lightly scented breeze. Let yourself be cradled by the gentleness of Provence and give in to this moment of serenity. L&#8217;OCCITANE captures this pure and genuine interlude in this candle, marrying the essential oil of Lavender of Haute Provence PDO * with a cocktail of Bergamot, Mandarin, Sweet Orange and Geranium, to bring you a moment of well-being and relaxation.<\/p>\n<p>*Protected Designation of Origin<\/p>\n","protected":false},"featured_media":635,"comment_status":"closed","ping_status":"closed","template":"","meta":[],"product_cat":[47,130],"product_tag":[181,61],"yoast_head":"<!-- This site is optimized with the Yoast SEO plugin v22.3 - https:\/\/yoast.com\/wordpress\/plugins\/seo\/ -->\n<title><\/title>\n<meta name=\"robots\" content=\"index, follow, max-snippet:-1, max-image-preview:large, max-video-preview:-1\" \/>\n<link rel=\"canonical\" href=\"http:\/\/loccitane.development.ivote.mk\/product\/cocon-de-serenite-relaxing-body-soap-200gr\/\" \/>\n<meta property=\"og:locale\" content=\"mk_MK\" \/>\n<meta property=\"og:type\" content=\"article\" \/>\n<meta property=\"og:title\" content=\"[:en]Cocon de S\u00e9r\u00e9nit\u00e9 Relaxing Body Soap 200gr.[:] - L&#039;OCCITANE | Award-Winning Natural Skin Care &amp; Beauty Products\" \/>\n<meta property=\"og:description\" content=\"[:en]Cocon de S\u00e9r\u00e9nit\u00e9 Close your eyes. Imagine yourself at the heart of nature, surrounded by a lightly scented breeze. Let yourself be cradled by the gentleness of Provence and give in to this moment of serenity. L&#039;OCCITANE captures this pure and genuine interlude in this candle, marrying the essential oil of Lavender of Haute Provence PDO * with a cocktail of Bergamot, Mandarin, Sweet Orange and Geranium, to bring you a moment of well-being and relaxation.  *Protected Designation of Origin[:]\" \/>\n<meta property=\"og:url\" content=\"http:\/\/loccitane.development.ivote.mk\/product\/cocon-de-serenite-relaxing-body-soap-200gr\/\" \/>\n<meta property=\"og:site_name\" content=\"L&#039;OCCITANE | Award-Winning Natural Skin Care &amp; Beauty Products\" \/>\n<meta property=\"article:modified_time\" content=\"2023-03-31T14:28:39+00:00\" \/>\n<meta property=\"og:image\" content=\"http:\/\/loccitane.development.ivote.mk\/wp-content\/uploads\/2020\/04\/Large-11SP200CS19_RVB.jpg\" \/>\n\t<meta property=\"og:image:width\" content=\"1200\" \/>\n\t<meta property=\"og:image:height\" content=\"1200\" \/>\n\t<meta property=\"og:image:type\" content=\"image\/jpeg\" \/>\n<meta name=\"twitter:card\" content=\"summary_large_image\" \/>\n<script type=\"application\/ld+json\" class=\"yoast-schema-graph\">{\"@context\":\"https:\/\/schema.org\",\"@graph\":[{\"@type\":\"WebPage\",\"@id\":\"http:\/\/loccitane.development.ivote.mk\/product\/cocon-de-serenite-relaxing-body-soap-200gr\/\",\"url\":\"http:\/\/loccitane.development.ivote.mk\/product\/cocon-de-serenite-relaxing-body-soap-200gr\/\",\"name\":\"[:en]Cocon de S\u00e9r\u00e9nit\u00e9 Relaxing Body Soap 200gr.[:] - L&#039;OCCITANE | Award-Winning Natural Skin Care &amp; Beauty Products\",\"isPartOf\":{\"@id\":\"http:\/\/loccitane.development.ivote.mk\/#website\"},\"primaryImageOfPage\":{\"@id\":\"http:\/\/loccitane.development.ivote.mk\/product\/cocon-de-serenite-relaxing-body-soap-200gr\/#primaryimage\"},\"image\":{\"@id\":\"http:\/\/loccitane.development.ivote.mk\/product\/cocon-de-serenite-relaxing-body-soap-200gr\/#primaryimage\"},\"thumbnailUrl\":\"http:\/\/loccitane.development.ivote.mk\/wp-content\/uploads\/2020\/04\/Large-11SP200CS19_RVB.jpg\",\"datePublished\":\"2020-04-05T19:38:57+00:00\",\"dateModified\":\"2023-03-31T14:28:39+00:00\",\"breadcrumb\":{\"@id\":\"http:\/\/loccitane.development.ivote.mk\/product\/cocon-de-serenite-relaxing-body-soap-200gr\/#breadcrumb\"},\"inLanguage\":\"mk-MK\",\"potentialAction\":[{\"@type\":\"ReadAction\",\"target\":[\"http:\/\/loccitane.development.ivote.mk\/product\/cocon-de-serenite-relaxing-body-soap-200gr\/\"]}]},{\"@type\":\"ImageObject\",\"inLanguage\":\"mk-MK\",\"@id\":\"http:\/\/loccitane.development.ivote.mk\/product\/cocon-de-serenite-relaxing-body-soap-200gr\/#primaryimage\",\"url\":\"http:\/\/loccitane.development.ivote.mk\/wp-content\/uploads\/2020\/04\/Large-11SP200CS19_RVB.jpg\",\"contentUrl\":\"http:\/\/loccitane.development.ivote.mk\/wp-content\/uploads\/2020\/04\/Large-11SP200CS19_RVB.jpg\",\"width\":1200,\"height\":1200},{\"@type\":\"BreadcrumbList\",\"@id\":\"http:\/\/loccitane.development.ivote.mk\/product\/cocon-de-serenite-relaxing-body-soap-200gr\/#breadcrumb\",\"itemListElement\":[{\"@type\":\"ListItem\",\"position\":1,\"name\":\"Home\",\"item\":\"http:\/\/loccitane.development.ivote.mk\/\"},{\"@type\":\"ListItem\",\"position\":2,\"name\":\"\u041f\u0440\u043e\u0434\u0430\u0432\u043d\u0438\u0446\u0430\",\"item\":\"http:\/\/loccitane.development.ivote.mk\/mk\/shop\/\"},{\"@type\":\"ListItem\",\"position\":3,\"name\":\"Cocon de S\u00e9r\u00e9nit\u00e9 Relaxing Body Soap 200gr.\"}]},{\"@type\":\"WebSite\",\"@id\":\"http:\/\/loccitane.development.ivote.mk\/#website\",\"url\":\"http:\/\/loccitane.development.ivote.mk\/\",\"name\":\"L&#039;OCCITANE | Award-Winning Natural Skin Care &amp; Beauty Products\",\"description\":\"\",\"publisher\":{\"@id\":\"http:\/\/loccitane.development.ivote.mk\/#organization\"},\"potentialAction\":[{\"@type\":\"SearchAction\",\"target\":{\"@type\":\"EntryPoint\",\"urlTemplate\":\"http:\/\/loccitane.development.ivote.mk\/?s={search_term_string}\"},\"query-input\":\"required name=search_term_string\"}],\"inLanguage\":\"mk-MK\"},{\"@type\":\"Organization\",\"@id\":\"http:\/\/loccitane.development.ivote.mk\/#organization\",\"name\":\"L&#039;OCCITANE | Award-Winning Natural Skin Care &amp; Beauty Products\",\"url\":\"http:\/\/loccitane.development.ivote.mk\/\",\"logo\":{\"@type\":\"ImageObject\",\"inLanguage\":\"mk-MK\",\"@id\":\"http:\/\/loccitane.development.ivote.mk\/#\/schema\/logo\/image\/\",\"url\":\"http:\/\/loccitane.development.ivote.mk\/wp-content\/uploads\/2026\/02\/logo-main2.png\",\"contentUrl\":\"http:\/\/loccitane.development.ivote.mk\/wp-content\/uploads\/2026\/02\/logo-main2.png\",\"width\":499,\"height\":107,\"caption\":\"L&#039;OCCITANE | Award-Winning Natural Skin Care &amp; Beauty Products\"},\"image\":{\"@id\":\"http:\/\/loccitane.development.ivote.mk\/#\/schema\/logo\/image\/\"}}]}<\/script>\n<!-- \/ Yoast SEO plugin. -->","yoast_head_json":{"title":"[:en]Cocon de S\u00e9r\u00e9nit\u00e9 Relaxing Body Soap 200gr.[:] - L&#039;OCCITANE | Award-Winning Natural Skin Care &amp; Beauty Products","robots":{"index":"index","follow":"follow","max-snippet":"max-snippet:-1","max-image-preview":"max-image-preview:large","max-video-preview":"max-video-preview:-1"},"canonical":"http:\/\/loccitane.development.ivote.mk\/product\/cocon-de-serenite-relaxing-body-soap-200gr\/","og_locale":"mk_MK","og_type":"article","og_title":"[:en]Cocon de S\u00e9r\u00e9nit\u00e9 Relaxing Body Soap 200gr.[:] - L&#039;OCCITANE | Award-Winning Natural Skin Care &amp; Beauty Products","og_description":"[:en]Cocon de S\u00e9r\u00e9nit\u00e9 Close your eyes. Imagine yourself at the heart of nature, surrounded by a lightly scented breeze. Let yourself be cradled by the gentleness of Provence and give in to this moment of serenity. L'OCCITANE captures this pure and genuine interlude in this candle, marrying the essential oil of Lavender of Haute Provence PDO * with a cocktail of Bergamot, Mandarin, Sweet Orange and Geranium, to bring you a moment of well-being and relaxation.  *Protected Designation of Origin[:]","og_url":"http:\/\/loccitane.development.ivote.mk\/product\/cocon-de-serenite-relaxing-body-soap-200gr\/","og_site_name":"L&#039;OCCITANE | Award-Winning Natural Skin Care &amp; Beauty Products","article_modified_time":"2023-03-31T14:28:39+00:00","og_image":[{"width":1200,"height":1200,"url":"http:\/\/loccitane.development.ivote.mk\/wp-content\/uploads\/2020\/04\/Large-11SP200CS19_RVB.jpg","type":"image\/jpeg"}],"twitter_card":"summary_large_image","schema":{"@context":"https:\/\/schema.org","@graph":[{"@type":"WebPage","@id":"http:\/\/loccitane.development.ivote.mk\/product\/cocon-de-serenite-relaxing-body-soap-200gr\/","url":"http:\/\/loccitane.development.ivote.mk\/product\/cocon-de-serenite-relaxing-body-soap-200gr\/","name":"[:en]Cocon de S\u00e9r\u00e9nit\u00e9 Relaxing Body Soap 200gr.[:] - L&#039;OCCITANE | Award-Winning Natural Skin Care &amp; Beauty Products","isPartOf":{"@id":"http:\/\/loccitane.development.ivote.mk\/#website"},"primaryImageOfPage":{"@id":"http:\/\/loccitane.development.ivote.mk\/product\/cocon-de-serenite-relaxing-body-soap-200gr\/#primaryimage"},"image":{"@id":"http:\/\/loccitane.development.ivote.mk\/product\/cocon-de-serenite-relaxing-body-soap-200gr\/#primaryimage"},"thumbnailUrl":"http:\/\/loccitane.development.ivote.mk\/wp-content\/uploads\/2020\/04\/Large-11SP200CS19_RVB.jpg","datePublished":"2020-04-05T19:38:57+00:00","dateModified":"2023-03-31T14:28:39+00:00","breadcrumb":{"@id":"http:\/\/loccitane.development.ivote.mk\/product\/cocon-de-serenite-relaxing-body-soap-200gr\/#breadcrumb"},"inLanguage":"mk-MK","potentialAction":[{"@type":"ReadAction","target":["http:\/\/loccitane.development.ivote.mk\/product\/cocon-de-serenite-relaxing-body-soap-200gr\/"]}]},{"@type":"ImageObject","inLanguage":"mk-MK","@id":"http:\/\/loccitane.development.ivote.mk\/product\/cocon-de-serenite-relaxing-body-soap-200gr\/#primaryimage","url":"http:\/\/loccitane.development.ivote.mk\/wp-content\/uploads\/2020\/04\/Large-11SP200CS19_RVB.jpg","contentUrl":"http:\/\/loccitane.development.ivote.mk\/wp-content\/uploads\/2020\/04\/Large-11SP200CS19_RVB.jpg","width":1200,"height":1200},{"@type":"BreadcrumbList","@id":"http:\/\/loccitane.development.ivote.mk\/product\/cocon-de-serenite-relaxing-body-soap-200gr\/#breadcrumb","itemListElement":[{"@type":"ListItem","position":1,"name":"Home","item":"http:\/\/loccitane.development.ivote.mk\/"},{"@type":"ListItem","position":2,"name":"\u041f\u0440\u043e\u0434\u0430\u0432\u043d\u0438\u0446\u0430","item":"http:\/\/loccitane.development.ivote.mk\/mk\/shop\/"},{"@type":"ListItem","position":3,"name":"Cocon de S\u00e9r\u00e9nit\u00e9 Relaxing Body Soap 200gr."}]},{"@type":"WebSite","@id":"http:\/\/loccitane.development.ivote.mk\/#website","url":"http:\/\/loccitane.development.ivote.mk\/","name":"L&#039;OCCITANE | Award-Winning Natural Skin Care &amp; Beauty Products","description":"","publisher":{"@id":"http:\/\/loccitane.development.ivote.mk\/#organization"},"potentialAction":[{"@type":"SearchAction","target":{"@type":"EntryPoint","urlTemplate":"http:\/\/loccitane.development.ivote.mk\/?s={search_term_string}"},"query-input":"required name=search_term_string"}],"inLanguage":"mk-MK"},{"@type":"Organization","@id":"http:\/\/loccitane.development.ivote.mk\/#organization","name":"L&#039;OCCITANE | Award-Winning Natural Skin Care &amp; Beauty Products","url":"http:\/\/loccitane.development.ivote.mk\/","logo":{"@type":"ImageObject","inLanguage":"mk-MK","@id":"http:\/\/loccitane.development.ivote.mk\/#\/schema\/logo\/image\/","url":"http:\/\/loccitane.development.ivote.mk\/wp-content\/uploads\/2026\/02\/logo-main2.png","contentUrl":"http:\/\/loccitane.development.ivote.mk\/wp-content\/uploads\/2026\/02\/logo-main2.png","width":499,"height":107,"caption":"L&#039;OCCITANE | Award-Winning Natural Skin Care &amp; Beauty Products"},"image":{"@id":"http:\/\/loccitane.development.ivote.mk\/#\/schema\/logo\/image\/"}}]}},"_links":{"self":[{"href":"http:\/\/loccitane.development.ivote.mk\/mk\/wp-json\/wp\/v2\/product\/634"}],"collection":[{"href":"http:\/\/loccitane.development.ivote.mk\/mk\/wp-json\/wp\/v2\/product"}],"about":[{"href":"http:\/\/loccitane.development.ivote.mk\/mk\/wp-json\/wp\/v2\/types\/product"}],"replies":[{"embeddable":true,"href":"http:\/\/loccitane.development.ivote.mk\/mk\/wp-json\/wp\/v2\/comments?post=634"}],"wp:featuredmedia":[{"embeddable":true,"href":"http:\/\/loccitane.development.ivote.mk\/mk\/wp-json\/wp\/v2\/media\/635"}],"wp:attachment":[{"href":"http:\/\/loccitane.development.ivote.mk\/mk\/wp-json\/wp\/v2\/media?parent=634"}],"wp:term":[{"taxonomy":"product_cat","embeddable":true,"href":"http:\/\/loccitane.development.ivote.mk\/mk\/wp-json\/wp\/v2\/product_cat?post=634"},{"taxonomy":"product_tag","embeddable":true,"href":"http:\/\/loccitane.development.ivote.mk\/mk\/wp-json\/wp\/v2\/product_tag?post=634"}],"curies":[{"name":"wp","href":"https:\/\/api.w.org\/{rel}","templated":true}]}}